{"id":1370,"date":"2025-05-07T11:56:58","date_gmt":"2025-05-07T09:56:58","guid":{"rendered":"https:\/\/www.spectrum-jugendhilfe.de\/freie-plaetze-in-tagesgruppen-gemaess-%c2%a7-32-sgb-viii\/"},"modified":"2025-09-24T09:16:33","modified_gmt":"2025-09-24T07:16:33","slug":"freie-plaetze-in-tagesgruppen-gemaess-%c2%a7-32-sgb-viii","status":"publish","type":"page","link":"https:\/\/www.spectrum-jugendhilfe.de\/de-einf\/freie-plaetze-in-tagesgruppen-gemaess-%c2%a7-32-sgb-viii\/","title":{"rendered":"Freie Pl\u00e4tze in Tagesgruppen gem\u00e4\u00df \u00a7 32 SGB VIII"},"content":{"rendered":"","protected":false},"excerpt":{"rendered":"","protected":false},"author":3,"featured_media":0,"parent":0,"menu_order":0,"comment_status":"closed","ping_status":"closed","template":"","meta":{"footnotes":""},"class_list":["post-1370","page","type-page","status-publish","hentry"],"_links":{"self":[{"href":"https:\/\/www.spectrum-jugendhilfe.de\/de-einf\/wp-json\/wp\/v2\/pages\/1370","targetHints":{"allow":["GET"]}}],"collection":[{"href":"https:\/\/www.spectrum-jugendhilfe.de\/de-einf\/wp-json\/wp\/v2\/pages"}],"about":[{"href":"https:\/\/www.spectrum-jugendhilfe.de\/de-einf\/wp-json\/wp\/v2\/types\/page"}],"author":[{"embeddable":true,"href":"https:\/\/www.spectrum-jugendhilfe.de\/de-einf\/wp-json\/wp\/v2\/users\/3"}],"replies":[{"embeddable":true,"href":"https:\/\/www.spectrum-jugendhilfe.de\/de-einf\/wp-json\/wp\/v2\/comments?post=1370"}],"version-history":[{"count":1,"href":"https:\/\/www.spectrum-jugendhilfe.de\/de-einf\/wp-json\/wp\/v2\/pages\/1370\/revisions"}],"predecessor-version":[{"id":1375,"href":"https:\/\/www.spectrum-jugendhilfe.de\/de-einf\/wp-json\/wp\/v2\/pages\/1370\/revisions\/1375"}],"wp:attachment":[{"href":"https:\/\/www.spectrum-jugendhilfe.de\/de-einf\/wp-json\/wp\/v2\/media?parent=1370"}],"curies":[{"name":"wp","href":"https:\/\/api.w.org\/{rel}","templated":true}]}}