{"id":1355,"date":"2020-11-09T10:58:47","date_gmt":"2020-11-09T09:58:47","guid":{"rendered":"https:\/\/www.spectrum-jugendhilfe.de\/betreuung-im-traegereigenen-wohnraum-gemaess-%c2%a7-35-sgb-viii\/"},"modified":"2025-09-24T08:27:34","modified_gmt":"2025-09-24T06:27:34","slug":"betreuung-im-traegereigenen-wohnraum-gemaess-%c2%a7-35-sgb-viii","status":"publish","type":"page","link":"https:\/\/www.spectrum-jugendhilfe.de\/de-einf\/betreuung-im-traegereigenen-wohnraum-gemaess-%c2%a7-35-sgb-viii\/","title":{"rendered":"Betreuung im tr\u00e4gereigenen Wohnraum gem\u00e4\u00df \u00a7 35 SGB VIII"},"content":{"rendered":"","protected":false},"excerpt":{"rendered":"","protected":false},"author":1,"featured_media":0,"parent":0,"menu_order":0,"comment_status":"closed","ping_status":"closed","template":"","meta":{"footnotes":""},"class_list":["post-1355","page","type-page","status-publish","hentry"],"_links":{"self":[{"href":"https:\/\/www.spectrum-jugendhilfe.de\/de-einf\/wp-json\/wp\/v2\/pages\/1355","targetHints":{"allow":["GET"]}}],"collection":[{"href":"https:\/\/www.spectrum-jugendhilfe.de\/de-einf\/wp-json\/wp\/v2\/pages"}],"about":[{"href":"https:\/\/www.spectrum-jugendhilfe.de\/de-einf\/wp-json\/wp\/v2\/types\/page"}],"author":[{"embeddable":true,"href":"https:\/\/www.spectrum-jugendhilfe.de\/de-einf\/wp-json\/wp\/v2\/users\/1"}],"replies":[{"embeddable":true,"href":"https:\/\/www.spectrum-jugendhilfe.de\/de-einf\/wp-json\/wp\/v2\/comments?post=1355"}],"version-history":[{"count":1,"href":"https:\/\/www.spectrum-jugendhilfe.de\/de-einf\/wp-json\/wp\/v2\/pages\/1355\/revisions"}],"predecessor-version":[{"id":1356,"href":"https:\/\/www.spectrum-jugendhilfe.de\/de-einf\/wp-json\/wp\/v2\/pages\/1355\/revisions\/1356"}],"wp:attachment":[{"href":"https:\/\/www.spectrum-jugendhilfe.de\/de-einf\/wp-json\/wp\/v2\/media?parent=1355"}],"curies":[{"name":"wp","href":"https:\/\/api.w.org\/{rel}","templated":true}]}}